{"id":2,"date":"2015-06-18T14:55:07","date_gmt":"2015-06-18T12:55:07","guid":{"rendered":"https:\/\/www.alu-bloemker.de\/?page_id=2"},"modified":"2021-01-29T13:07:33","modified_gmt":"2021-01-29T12:07:33","slug":"home","status":"publish","type":"page","link":"https:\/\/www.alu-bloemker.de\/de\/","title":{"rendered":"Home"},"content":{"rendered":"<p><\/p>\n<div class=\"boxes\">\n<div class=\"box14\">\n<h2><a href=\"sandguss\/\">Sand&shy;guss<\/a><\/h2>\n<p>Leistungsprogramm mit Produkten entsprechend einer gro\u00dfen Spannweite von Anforderungen<\/p>\n<\/div>\n<div class=\"box14\">\n<h2><a href=\"aluminiumrohre\/\">Aluminium&shy;rohre<\/a><\/h2>\n<p>Unsere Angebotspalette umfasst die Fertigung von Walzenrohren, Buchsen und Ringen<\/p>\n<\/div>\n<div class=\"box14\">\n<h2><a href=\"waermebehandlung\/\">W\u00e4rme&shy;behandlung<\/a><\/h2>\n<p>Gezielte Verbesserung von Al-Gusslegierungen durch mechanischen Eigenschaften<\/p>\n<\/div>\n<div class=\"box14\">\n<h2><a href=\"qualitaetskontrolle\/\">Qualit\u00e4ts&shy;kontrolle<\/a><\/h2>\n<p>Die Kontrolle der besonderen Anforderungen speziell beim Einsatz von Sonderlegierungen<\/p>\n<\/div>\n<\/div>\n\n<\/div>\n<\/div>\n<div class=\"content_wrap dark\">\n<div class=\"content\">\n\n<p>Die Fertigung gro\u00dfer Teile im Aluminiumguss f\u00fcr spezielle Anwendungen stehen bereits seit mehr als f\u00fcnf Jahrzehnten im Fokus der BL\u00d6MKER Metallgie\u00dferei.<\/p>\n<p>Wir unterst\u00fctzen unsere Kunden bei der Realisierung ihrer Ideen als innovativer Partner.<\/p>\n<p>Moderne Technologien kombiniert mit solidem Know-how erfahrener Mitarbeiter bildet eine perfekte Basis zur Produktion von hochwertigem Aluminiumguss.<\/p>\n<p>Bitte lassen Sie uns beweisen, dass es f\u00fcr viele Aufgabenstellungen des Gie\u00dfereibereiches eine sinnvolle L\u00f6sung unseres Hauses gibt.<\/p>\n<p>Fordern Sie uns!<\/p>\n<p>\n<\/div>\n<\/div>\n<div class=\"content_wrap bright\">\n<div class=\"content\">\n<\/p>","protected":false},"excerpt":{"rendered":"<p>Sand&shy;guss Leistungsprogramm mit Produkten entsprechend einer gro\u00dfen Spannweite von Anforderungen Aluminium&shy;rohre Unsere Angebotspalette umfasst die Fertigung von Walzenrohren, Buchsen und Ringen W\u00e4rme&shy;behandlung Gezielte Verbesserung von Al-Gusslegierungen durch mechanischen Eigenschaften Qualit\u00e4ts&shy;kontrolle Die Kontrolle der besonderen Anforderungen speziell beim Einsatz von Sonderlegierungen Die Fertigung gro\u00dfer Teile im Aluminiumguss f\u00fcr spezielle Anwendungen stehen &hellip;<\/p>\n","protected":false},"author":1,"featured_media":0,"parent":0,"menu_order":0,"comment_status":"open","ping_status":"open","template":"","meta":[],"_links":{"self":[{"href":"https:\/\/www.alu-bloemker.de\/de\/wp-json\/wp\/v2\/pages\/2"}],"collection":[{"href":"https:\/\/www.alu-bloemker.de\/de\/wp-json\/wp\/v2\/pages"}],"about":[{"href":"https:\/\/www.alu-bloemker.de\/de\/wp-json\/wp\/v2\/types\/page"}],"author":[{"embeddable":true,"href":"https:\/\/www.alu-bloemker.de\/de\/wp-json\/wp\/v2\/users\/1"}],"replies":[{"embeddable":true,"href":"https:\/\/www.alu-bloemker.de\/de\/wp-json\/wp\/v2\/comments?post=2"}],"version-history":[{"count":6,"href":"https:\/\/www.alu-bloemker.de\/de\/wp-json\/wp\/v2\/pages\/2\/revisions"}],"predecessor-version":[{"id":145,"href":"https:\/\/www.alu-bloemker.de\/de\/wp-json\/wp\/v2\/pages\/2\/revisions\/145"}],"wp:attachment":[{"href":"https:\/\/www.alu-bloemker.de\/de\/wp-json\/wp\/v2\/media?parent=2"}],"curies":[{"name":"wp","href":"https:\/\/api.w.org\/{rel}","templated":true}]}}