{"id":21,"date":"2015-07-09T11:05:24","date_gmt":"2015-07-09T09:05:24","guid":{"rendered":"https:\/\/www.alu-bloemker.de\/de\/?page_id=21"},"modified":"2021-01-29T13:04:34","modified_gmt":"2021-01-29T12:04:34","slug":"aluminiumrohre","status":"publish","type":"page","link":"https:\/\/www.alu-bloemker.de\/de\/aluminiumrohre\/","title":{"rendered":"Aluminiumrohre"},"content":{"rendered":"<p><\/p>\n<h2>Ihre Suche nach gro\u00dfen Aluminiumrohren hat sich gelohnt<\/h2>\n<p>Die BL\u00d6MKER Metallgie\u00dferei ist Spezialist in der Herstellung von <em>Aluminiumwalzenrohren<\/em>.<\/p>\n<p>Unsere Angebotspalette umfasst die Fertigung von Walzenrohren, Buchsen und Ringen als gegossenes Halbzeug in verschiedensten Bearbeitungsstufen.<\/p>\n<p>Papiermaschinen, Druckmaschinen, Textilmaschinen, Kunststoff- und Folienmaschinen sowie allgemeiner Maschinenbau sind h\u00e4ufige Anwendungsbereiche dieser Spezialrohre.<\/p>\n<h3>Spezialrohre aus Aluminiumguss<\/h3>\n<p><strong>Fr\u00fcher<\/strong> galt das Erreichen eines homogenen Gef\u00fcges sowie die Einhaltung geringer Abweichungen in der Geradheit als \u00e4u\u00dferst schwierig, besonders bei der Herstellung von gepressten bzw. gezogenen Rohren aus Al-Knetlegierungen. Hinzu kamen die in der Praxis h\u00e4ufig auftretenden Probleme bei der anschlie\u00dfenden spanenden Bearbeitung.<br \/>\n<strong>Heute<\/strong> sind diese Forderungen bei den von BL\u00d6MKER gegossenen Aluminiumrohren durch speziell entwickelte Fertigungsverfahren weitgehend erf\u00fcllt.<\/p>\n<p>Zur detailierten Beratung und Planung stehen wir als Spezialisten bereit, um auch f\u00fcr Ihre individuelle Aufgabenstellung die optimale L\u00f6sung zu finden.<\/p>\n<p>Aluminiumgusslegierungen sind besonders gut geeignet zur Herstellung von zylindrischen K\u00f6rpern, an deren Ma\u00dfhaltigkeit nach Fertigbearbeitung h\u00f6chste Anspr\u00fcche gestellt werden.<br \/>\nDie BL\u00d6MKER Metallgie\u00dferei hat sich darauf spezialisiert, <em>Aluminiumrohre<\/em> mit Durchmessern von 100\u20131000 mm in fast allen Wanddicken<br \/>\nherzustellen.<br \/>\nOptimale mechanische, physikalische und chemische Eigenschaften k\u00f6nnen durch die Auswahl der Legierung und der sich gegebenenfalls anschlie\u00dfenden W\u00e4rmebehandlung gezielt beeinflusst werden.<\/p>\n\n<\/div>\n<\/div>\n<div class=\"content_wrap dark\">\n<div class=\"content\">\n\n<h2>Abmessungen und Eigenschaften<\/h2>\n<h3>Abmessungen:<\/h3>\n<h4>Durchmesser<\/h4>\n<p>von 100 bis 1000 mm in allen Wanddicken<\/p>\n<h4>L\u00e4ngen<\/h4>\n<p>bis 3000 mm sofort lieferbar, gr\u00f6\u00dfere L\u00e4ngen auf Anfrage<\/p>\n<p>Es k\u00f6nnen alle Al-Gusslegierungen gem\u00e4\u00df DIN 1725 eingesetzt werden.<\/p>\n<h3>Besondere Eigenschaften:<\/h3>\n<ul>\n<li> hohe Geradheit im Rohzustand<\/li>\n<li>au\u00dferordentlich gute Ma\u00dfhaltigkeit auch nach der Fertigbearbeitung und bei anschlie\u00dfender Belastung<\/li>\n<li>minimale Eigenspannungen<\/li>\n<li>geringe Unwuchten bereits im Rohzustand durch gleichm\u00e4\u00dfige Massenverteilung, Laufruhe bei hohen Drehzahlen<\/li>\n<li>optimale Zerspanungsbedingungen durch Kombination bester mechanischer Eigenschaften mit ausgezeichneter Spanbr\u00fcchigkeit<\/li>\n<li>hervorragende Schwei\u00dfbarkeit<\/li>\n<li>problemloses Oberfl\u00e4chenbeschichten (Verchromen, Vernickeln, Eloxieren, Hartcoatieren, Gummieren)<\/li>\n<\/ul>\n\n<\/div>\n<\/div>\n<div class=\"content_wrap bright\">\n<div class=\"content\">\n\n<h2>Bildarchiv<\/h2>\n<p><div class='gallery'><dl class='gallery-item'>\n\t\t\t<dt class='gallery-icon landscape'>\n\t\t\t\t<a href='https:\/\/www.alu-bloemker.de\/wp-content\/uploads\/aluminiumrohre-01.jpg' title=\"\" data-rl_title=\"\" class=\"rl-gallery-link\" data-rl_caption=\"\" data-rel=\"lightbox-gallery-1\"><img width=\"260\" height=\"190\" src=\"https:\/\/www.alu-bloemker.de\/wp-content\/uploads\/aluminiumrohre-01-260x190.jpg\" class=\"attachment-thumbnail size-thumbnail\" alt=\"\" loading=\"lazy\" \/><\/a>\n\t\t\t<\/dt><\/dl><dl class='gallery-item'>\n\t\t\t<dt class='gallery-icon landscape'>\n\t\t\t\t<a href='https:\/\/www.alu-bloemker.de\/wp-content\/uploads\/aluminiumrohre-02.jpg' title=\"\" data-rl_title=\"\" class=\"rl-gallery-link\" data-rl_caption=\"\" data-rel=\"lightbox-gallery-1\"><img width=\"260\" height=\"190\" src=\"https:\/\/www.alu-bloemker.de\/wp-content\/uploads\/aluminiumrohre-02-260x190.jpg\" class=\"attachment-thumbnail size-thumbnail\" alt=\"\" loading=\"lazy\" \/><\/a>\n\t\t\t<\/dt><\/dl><dl class='gallery-item'>\n\t\t\t<dt class='gallery-icon landscape'>\n\t\t\t\t<a href='https:\/\/www.alu-bloemker.de\/wp-content\/uploads\/aluminiumrohre-03.jpg' title=\"\" data-rl_title=\"\" class=\"rl-gallery-link\" data-rl_caption=\"\" data-rel=\"lightbox-gallery-1\"><img width=\"260\" height=\"190\" src=\"https:\/\/www.alu-bloemker.de\/wp-content\/uploads\/aluminiumrohre-03-260x190.jpg\" class=\"attachment-thumbnail size-thumbnail\" alt=\"\" loading=\"lazy\" \/><\/a>\n\t\t\t<\/dt><\/dl><dl class='gallery-item'>\n\t\t\t<dt class='gallery-icon landscape'>\n\t\t\t\t<a href='https:\/\/www.alu-bloemker.de\/wp-content\/uploads\/aluminiumrohre-04.jpg' title=\"\" data-rl_title=\"\" class=\"rl-gallery-link\" data-rl_caption=\"\" data-rel=\"lightbox-gallery-1\"><img width=\"260\" height=\"190\" src=\"https:\/\/www.alu-bloemker.de\/wp-content\/uploads\/aluminiumrohre-04-260x190.jpg\" class=\"attachment-thumbnail size-thumbnail\" alt=\"\" loading=\"lazy\" \/><\/a>\n\t\t\t<\/dt><\/dl><dl class='gallery-item'>\n\t\t\t<dt class='gallery-icon landscape'>\n\t\t\t\t<a href='https:\/\/www.alu-bloemker.de\/wp-content\/uploads\/aluminiumrohre-05.jpg' title=\"\" data-rl_title=\"\" class=\"rl-gallery-link\" data-rl_caption=\"\" data-rel=\"lightbox-gallery-1\"><img width=\"260\" height=\"190\" src=\"https:\/\/www.alu-bloemker.de\/wp-content\/uploads\/aluminiumrohre-05-260x190.jpg\" class=\"attachment-thumbnail size-thumbnail\" alt=\"\" loading=\"lazy\" \/><\/a>\n\t\t\t<\/dt><\/dl><dl class='gallery-item'>\n\t\t\t<dt class='gallery-icon landscape'>\n\t\t\t\t<a href='https:\/\/www.alu-bloemker.de\/wp-content\/uploads\/aluminiumrohre-06.jpg' title=\"\" data-rl_title=\"\" class=\"rl-gallery-link\" data-rl_caption=\"\" data-rel=\"lightbox-gallery-1\"><img width=\"260\" height=\"190\" src=\"https:\/\/www.alu-bloemker.de\/wp-content\/uploads\/aluminiumrohre-06-260x190.jpg\" class=\"attachment-thumbnail size-thumbnail\" alt=\"\" loading=\"lazy\" \/><\/a>\n\t\t\t<\/dt><\/dl><dl class='gallery-item'>\n\t\t\t<dt class='gallery-icon landscape'>\n\t\t\t\t<a href='https:\/\/www.alu-bloemker.de\/wp-content\/uploads\/aluminiumrohre-07.jpg' title=\"\" data-rl_title=\"\" class=\"rl-gallery-link\" data-rl_caption=\"\" data-rel=\"lightbox-gallery-1\"><img width=\"260\" height=\"190\" src=\"https:\/\/www.alu-bloemker.de\/wp-content\/uploads\/aluminiumrohre-07-260x190.jpg\" class=\"attachment-thumbnail size-thumbnail\" alt=\"\" loading=\"lazy\" \/><\/a>\n\t\t\t<\/dt><\/dl>\n\t\t<\/div>\n<br \/>\n<div class='gallery'><dl class='gallery-item'>\n\t\t\t<dt class='gallery-icon landscape'>\n\t\t\t\t<a href='https:\/\/www.alu-bloemker.de\/wp-content\/uploads\/aluminiumrohre-11.jpg' title=\"\" data-rl_title=\"\" class=\"rl-gallery-link\" data-rl_caption=\"\" data-rel=\"lightbox-gallery-2\"><img width=\"260\" height=\"190\" src=\"https:\/\/www.alu-bloemker.de\/wp-content\/uploads\/aluminiumrohre-11-260x190.jpg\" class=\"attachment-thumbnail size-thumbnail\" alt=\"\" loading=\"lazy\" \/><\/a>\n\t\t\t<\/dt><\/dl><dl class='gallery-item'>\n\t\t\t<dt class='gallery-icon landscape'>\n\t\t\t\t<a href='https:\/\/www.alu-bloemker.de\/wp-content\/uploads\/aluminiumrohre-12.jpg' title=\"\" data-rl_title=\"\" class=\"rl-gallery-link\" data-rl_caption=\"\" data-rel=\"lightbox-gallery-2\"><img width=\"260\" height=\"190\" src=\"https:\/\/www.alu-bloemker.de\/wp-content\/uploads\/aluminiumrohre-12-260x190.jpg\" class=\"attachment-thumbnail size-thumbnail\" alt=\"\" loading=\"lazy\" \/><\/a>\n\t\t\t<\/dt><\/dl><dl class='gallery-item'>\n\t\t\t<dt class='gallery-icon landscape'>\n\t\t\t\t<a href='https:\/\/www.alu-bloemker.de\/wp-content\/uploads\/aluminiumrohre-13.jpg' title=\"\" data-rl_title=\"\" class=\"rl-gallery-link\" data-rl_caption=\"\" data-rel=\"lightbox-gallery-2\"><img width=\"260\" height=\"190\" src=\"https:\/\/www.alu-bloemker.de\/wp-content\/uploads\/aluminiumrohre-13-260x190.jpg\" class=\"attachment-thumbnail size-thumbnail\" alt=\"\" loading=\"lazy\" \/><\/a>\n\t\t\t<\/dt><\/dl>\n\t\t<\/div>\n<\/p>\n<h3>K\u00fchlmantel<\/h3>\n<div class='gallery'><dl class='gallery-item'>\n\t\t\t<dt class='gallery-icon landscape'>\n\t\t\t\t<a href='https:\/\/www.alu-bloemker.de\/wp-content\/uploads\/kuehlmantel-01.jpg' title=\"\" data-rl_title=\"\" class=\"rl-gallery-link\" data-rl_caption=\"\" data-rel=\"lightbox-gallery-3\"><img width=\"260\" height=\"190\" src=\"https:\/\/www.alu-bloemker.de\/wp-content\/uploads\/kuehlmantel-01-260x190.jpg\" class=\"attachment-thumbnail size-thumbnail\" alt=\"\" loading=\"lazy\" \/><\/a>\n\t\t\t<\/dt><\/dl><dl class='gallery-item'>\n\t\t\t<dt class='gallery-icon landscape'>\n\t\t\t\t<a href='https:\/\/www.alu-bloemker.de\/wp-content\/uploads\/kuehlmantel-02.jpg' title=\"\" data-rl_title=\"\" class=\"rl-gallery-link\" data-rl_caption=\"\" data-rel=\"lightbox-gallery-3\"><img width=\"260\" height=\"190\" src=\"https:\/\/www.alu-bloemker.de\/wp-content\/uploads\/kuehlmantel-02-260x190.jpg\" class=\"attachment-thumbnail size-thumbnail\" alt=\"\" loading=\"lazy\" \/><\/a>\n\t\t\t<\/dt><\/dl><dl class='gallery-item'>\n\t\t\t<dt class='gallery-icon landscape'>\n\t\t\t\t<a href='https:\/\/www.alu-bloemker.de\/wp-content\/uploads\/kuehlmantel-03.jpg' title=\"\" data-rl_title=\"\" class=\"rl-gallery-link\" data-rl_caption=\"\" data-rel=\"lightbox-gallery-3\"><img width=\"260\" height=\"190\" src=\"https:\/\/www.alu-bloemker.de\/wp-content\/uploads\/kuehlmantel-03-260x190.jpg\" class=\"attachment-thumbnail size-thumbnail\" alt=\"\" loading=\"lazy\" \/><\/a>\n\t\t\t<\/dt><\/dl>\n\t\t<\/div>\n\n<h3>Konus \u2205 1200<\/h3>\n<p><div class='gallery'><dl class='gallery-item'>\n\t\t\t<dt class='gallery-icon landscape'>\n\t\t\t\t<a href='https:\/\/www.alu-bloemker.de\/wp-content\/uploads\/konus-01.jpg' title=\"\" data-rl_title=\"\" class=\"rl-gallery-link\" data-rl_caption=\"\" data-rel=\"lightbox-gallery-4\"><img width=\"260\" height=\"190\" src=\"https:\/\/www.alu-bloemker.de\/wp-content\/uploads\/konus-01-260x190.jpg\" class=\"attachment-thumbnail size-thumbnail\" alt=\"\" loading=\"lazy\" \/><\/a>\n\t\t\t<\/dt><\/dl>\n\t\t\t<br style='clear: both' \/>\n\t\t<\/div>\n<\/p>","protected":false},"excerpt":{"rendered":"<p>Ihre Suche nach gro\u00dfen Aluminiumrohren hat sich gelohnt Die BL\u00d6MKER Metallgie\u00dferei ist Spezialist in der Herstellung von Aluminiumwalzenrohren. Unsere Angebotspalette umfasst die Fertigung von Walzenrohren, Buchsen und Ringen als gegossenes Halbzeug in verschiedensten Bearbeitungsstufen. Papiermaschinen, Druckmaschinen, Textilmaschinen, Kunststoff- und Folienmaschinen sowie allgemeiner Maschinenbau sind h\u00e4ufige Anwendungsbereiche dieser Spezialrohre. Spezialrohre aus &hellip;<\/p>\n","protected":false},"author":1,"featured_media":53,"parent":0,"menu_order":0,"comment_status":"closed","ping_status":"closed","template":"","meta":[],"_links":{"self":[{"href":"https:\/\/www.alu-bloemker.de\/de\/wp-json\/wp\/v2\/pages\/21"}],"collection":[{"href":"https:\/\/www.alu-bloemker.de\/de\/wp-json\/wp\/v2\/pages"}],"about":[{"href":"https:\/\/www.alu-bloemker.de\/de\/wp-json\/wp\/v2\/types\/page"}],"author":[{"embeddable":true,"href":"https:\/\/www.alu-bloemker.de\/de\/wp-json\/wp\/v2\/users\/1"}],"replies":[{"embeddable":true,"href":"https:\/\/www.alu-bloemker.de\/de\/wp-json\/wp\/v2\/comments?post=21"}],"version-history":[{"count":8,"href":"https:\/\/www.alu-bloemker.de\/de\/wp-json\/wp\/v2\/pages\/21\/revisions"}],"predecessor-version":[{"id":140,"href":"https:\/\/www.alu-bloemker.de\/de\/wp-json\/wp\/v2\/pages\/21\/revisions\/140"}],"wp:featuredmedia":[{"embeddable":true,"href":"https:\/\/www.alu-bloemker.de\/de\/wp-json\/wp\/v2\/media\/53"}],"wp:attachment":[{"href":"https:\/\/www.alu-bloemker.de\/de\/wp-json\/wp\/v2\/media?parent=21"}],"curies":[{"name":"wp","href":"https:\/\/api.w.org\/{rel}","templated":true}]}}