{"id":7,"date":"2015-06-18T15:15:45","date_gmt":"2015-06-18T13:15:45","guid":{"rendered":"https:\/\/www.alu-bloemker.de\/?page_id=7"},"modified":"2021-01-29T13:05:07","modified_gmt":"2021-01-29T12:05:07","slug":"about","status":"publish","type":"page","link":"https:\/\/www.alu-bloemker.de\/de\/firmenprofil\/","title":{"rendered":"Firmenprofil"},"content":{"rendered":"<p><\/p>\n<h2>Pr\u00e4zision aus Aluminium<\/h2>\n<p>Mit modernster Technologie und erfahrenen Mitarbeitern entwickelt die BL\u00d6MKER Metallgie\u00dferei Antworten auf die Herausforderungen des neuen Jahrhunderts.<\/p>\n<p>Als renommierter Lieferant in der gesamten Maschinenbaubranche bieten wir Ihnen:<\/p>\n<ul>\n<li><a href=\"..\/sandguss\/\">Aluminium-Sandguss nach Modell und Zeichnung<\/a><\/li>\n<li><a href=\"..\/aluminiumrohre\/\">Spezialrohre, -buchsen oder -ringe aus Al-Gusslegierungen<\/a><\/li>\n<\/ul>\n\n<\/div>\n<\/div>\n<div class=\"content_wrap dark\">\n<div class=\"content\">\n\n<h2>Unsere Leistungen<\/h2>\n<div class=\"box12\">\n<p>Das gesamte Leistungsspektrum unserer Gie\u00dferei umfasst folgende Schwerpunkte:<\/p>\n<p>Je nach Produkt w\u00e4hlen wir mit Ihnen gemeinsam zwischen<\/p>\n<ul>\n<li><em>Sandguss<\/em><\/li>\n<li><em> Guss in Halbkokille<\/em><\/li>\n<li><em>vertikalem \/ horizontalem Schleuderguss<\/em><\/li>\n<li><em>Hohlstrangguss<\/em><\/li>\n<\/ul>\n<p>das geeignetste und kosteng\u00fcnstigste Gie\u00dfverfahren aus.<\/p>\n<\/div>\n<div class=\"box12\">\n<ul>\n<li>Eigene <em>W\u00e4rmebehandlung<\/em> erm\u00f6glicht eine Veredelung der Gussproduktion<\/li>\n<li><em>Oberfl\u00e4chenstrahlen<\/em> mit Aluminiumgranulat schafft besonders saubere Werkst\u00fcckfl\u00e4chen<\/li>\n<li><em>Aluminiumschwei\u00dfen,<\/em> manuell \/ programmgesteuert<\/li>\n<li><em>Qualit\u00e4tskontrolle<\/em> mittels Ultraschall- und H\u00e4rtemesseinrichtungen<\/li>\n<\/ul>\n<\/div>\n\n<\/div>\n<\/div>\n<div class=\"content_wrap bright\">\n<div class=\"content\">\n\n<p>Unsere St\u00e4rken liegen in der besonderen Flexibilit\u00e4t und dem kundenbezogenen Service. Qualit\u00e4t und Schnelligkeit sind keine Widerspr\u00fcche; beides wird bei uns gro\u00df geschrieben. Hohes technisches Know-how und Innovation sind wichtige Faktoren, Ihre Ideen mit Pr\u00e4zision und Geschick umzusetzen.<\/p>\n<p>Gern sind wir Ihr kompetenter Partner und finden Probleml\u00f6sungen, die \u00fcberzeugen.<\/p>","protected":false},"excerpt":{"rendered":"<p>Pr\u00e4zision aus Aluminium Mit modernster Technologie und erfahrenen Mitarbeitern entwickelt die BL\u00d6MKER Metallgie\u00dferei Antworten auf die Herausforderungen des neuen Jahrhunderts. Als renommierter Lieferant in der gesamten Maschinenbaubranche bieten wir Ihnen: Aluminium-Sandguss nach Modell und Zeichnung Spezialrohre, -buchsen oder -ringe aus Al-Gusslegierungen Unsere Leistungen Das gesamte Leistungsspektrum unserer Gie\u00dferei umfasst folgende &hellip;<\/p>\n","protected":false},"author":1,"featured_media":33,"parent":0,"menu_order":0,"comment_status":"closed","ping_status":"closed","template":"","meta":[],"_links":{"self":[{"href":"https:\/\/www.alu-bloemker.de\/de\/wp-json\/wp\/v2\/pages\/7"}],"collection":[{"href":"https:\/\/www.alu-bloemker.de\/de\/wp-json\/wp\/v2\/pages"}],"about":[{"href":"https:\/\/www.alu-bloemker.de\/de\/wp-json\/wp\/v2\/types\/page"}],"author":[{"embeddable":true,"href":"https:\/\/www.alu-bloemker.de\/de\/wp-json\/wp\/v2\/users\/1"}],"replies":[{"embeddable":true,"href":"https:\/\/www.alu-bloemker.de\/de\/wp-json\/wp\/v2\/comments?post=7"}],"version-history":[{"count":4,"href":"https:\/\/www.alu-bloemker.de\/de\/wp-json\/wp\/v2\/pages\/7\/revisions"}],"predecessor-version":[{"id":141,"href":"https:\/\/www.alu-bloemker.de\/de\/wp-json\/wp\/v2\/pages\/7\/revisions\/141"}],"wp:featuredmedia":[{"embeddable":true,"href":"https:\/\/www.alu-bloemker.de\/de\/wp-json\/wp\/v2\/media\/33"}],"wp:attachment":[{"href":"https:\/\/www.alu-bloemker.de\/de\/wp-json\/wp\/v2\/media?parent=7"}],"curies":[{"name":"wp","href":"https:\/\/api.w.org\/{rel}","templated":true}]}}