{"id":9,"date":"2015-07-08T15:34:37","date_gmt":"2015-07-08T13:34:37","guid":{"rendered":"https:\/\/www.alu-bloemker.de\/de\/?page_id=9"},"modified":"2026-02-18T09:38:09","modified_gmt":"2026-02-18T08:38:09","slug":"impressum","status":"publish","type":"page","link":"https:\/\/www.alu-bloemker.de\/de\/impressum\/","title":{"rendered":"Impressum"},"content":{"rendered":"<p><strong>Bl\u00f6mker GmbH<\/strong><\/p>\n<p>Zur Fuchsfarm 4<br \/>\nD-49536 Lienen<br \/>\n<b>Fon:<\/b> +49 (0) 54 81 \/ 9 33 8 0<br \/>\nE-Mail: <a href=\"mailto:&#109;ail&#64;al&#117;&#45;&#98;l&#111;em&#107;&#101;r&#46;&#100;&#101;\">m&#97;&#105;l&#64;alu-&#98;&#108;o&#101;mke&#114;&#46;d&#101;<\/a><\/p>\n<p><strong>Gesch\u00e4ftsf\u00fchrer:<\/strong><br \/>\nMichael Sagem\u00fcller, Henry Sagem\u00fcller<\/p>\n<p><strong>Handelsregister:<\/strong><br \/>\nAmtsgericht Steinfurt<br \/>\nHRB 6277<\/p>\n<p><strong>Umsatzsteuer-Identifikationsnummer:<\/strong><br \/>\nDE 813822570<\/p>","protected":false},"excerpt":{"rendered":"<p>Bl\u00f6mker GmbH Zur Fuchsfarm 4 D-49536 Lienen Fon: +49 (0) 54 81 \/ 9 33 8 0 E-Mail: Gesch\u00e4ftsf\u00fchrer: Michael Sagem\u00fcller, Henry Sagem\u00fcller Handelsregister: Amtsgericht Steinfurt HRB 6277 Umsatzsteuer-Identifikationsnummer: DE 813822570<\/p>\n","protected":false},"author":1,"featured_media":0,"parent":0,"menu_order":0,"comment_status":"closed","ping_status":"closed","template":"","meta":[],"_links":{"self":[{"href":"https:\/\/www.alu-bloemker.de\/de\/wp-json\/wp\/v2\/pages\/9"}],"collection":[{"href":"https:\/\/www.alu-bloemker.de\/de\/wp-json\/wp\/v2\/pages"}],"about":[{"href":"https:\/\/www.alu-bloemker.de\/de\/wp-json\/wp\/v2\/types\/page"}],"author":[{"embeddable":true,"href":"https:\/\/www.alu-bloemker.de\/de\/wp-json\/wp\/v2\/users\/1"}],"replies":[{"embeddable":true,"href":"https:\/\/www.alu-bloemker.de\/de\/wp-json\/wp\/v2\/comments?post=9"}],"version-history":[{"count":8,"href":"https:\/\/www.alu-bloemker.de\/de\/wp-json\/wp\/v2\/pages\/9\/revisions"}],"predecessor-version":[{"id":157,"href":"https:\/\/www.alu-bloemker.de\/de\/wp-json\/wp\/v2\/pages\/9\/revisions\/157"}],"wp:attachment":[{"href":"https:\/\/www.alu-bloemker.de\/de\/wp-json\/wp\/v2\/media?parent=9"}],"curies":[{"name":"wp","href":"https:\/\/api.w.org\/{rel}","templated":true}]}}